{"id":12,"date":"2025-05-05T21:06:54","date_gmt":"2025-05-05T14:06:54","guid":{"rendered":"https:\/\/myphamaumy.com\/?page_id=12"},"modified":"2025-05-05T21:12:22","modified_gmt":"2025-05-05T14:12:22","slug":"chinh-sach-doi-tra-hang","status":"publish","type":"page","link":"https:\/\/myphamaumy.com\/en\/chinh-sach-doi-tra-hang\/","title":{"rendered":"Ch\u00ednh s\u00e1ch \u0111\u1ed5i tr\u1ea3 h\u00e0ng"},"content":{"rendered":"<p>\u0110\u00e2y l\u00e0 ch\u00ednh s\u00e1ch \u0111\u1ed5i, tr\u1ea3 h\u00e0ng m\u00e0 myphamaumy.com \u00e1p d\u1ee5ng cho t\u1ea5t c\u1ea3 nh\u1eefng kh\u00e1ch h\u00e0ng mua h\u00e0ng t\u1ea1i myphamaumy.com v\u00e0 website c\u1ee7a ch\u00fang t\u00f4i nh\u01b0 sau:<\/p>\n\n\n\n<ul class=\"wp-block-list\">\n<li>S\u1ea3n ph\u1ea9m c\u1ee7a myphamaumy.com s\u1ebd kh\u00f4ng g\u00e2y thi\u1ec7t h\u1ea1i ho\u1eb7c th\u01b0\u01a1ng t\u1ed5n n\u1ebfu \u0111\u01b0\u1ee3c s\u1eed d\u1ee5ng theo \u0111\u00fang m\u1ee5c \u0111\u00edch v\u00e0 theo h\u01b0\u1edbng d\u1eabn c\u1ee5 th\u1ec3.<\/li>\n\n\n\n<li>myphamaumy.com s\u1ebd ch\u1ecbu tr\u00e1ch nhi\u1ec7m v\u1ec1 nh\u1eefng s\u1ea3n ph\u1ea9m do l\u1ed7i nh\u00e0 s\u1ea3n xu\u1ea5t ho\u1eb7c b\u1ecb h\u01b0 h\u1ecfng trong th\u1eddi gian myphamaumy.com ki\u1ec3m so\u00e1t. Nh\u01b0ng s\u1ebd kh\u00f4ng ch\u1ecbu tr\u00e1ch nhi\u1ec7m n\u1ebfu h\u01b0 h\u1ecfng do b\u1ea5t c\u1ea9n trong s\u1eed d\u1ee5ng v\u00e0 x\u1eed l\u00ed, cho d\u00f9 nh\u00e0 b\u00e1n l\u1ebb hay kh\u00e1ch h\u00e0ng g\u00e2y ra.<\/li>\n\n\n\n<li>T\u1ea5t c\u1ea3 s\u1ea3n ph\u1ea9m tr\u1ea3 l\u1ea1i ph\u1ea3i trong t\u00ecnh tr\u1ea1ng v\u1eabn c\u00f2n b\u00e1n \u0111\u01b0\u1ee3c v\u00e0 kh\u00f4ng qu\u00e1 th\u1eddi h\u1ea1n s\u1eed d\u1ee5ng ghi tr\u00ean s\u1ea3n ph\u1ea9m. S\u1ea3n ph\u1ea9m kh\u00f4ng \u0111\u01b0\u1ee3c nh\u1eadn l\u1ea1i n\u1ebfu kh\u00e1ch h\u00e0ng tr\u1ea3 l\u1ea1i sau 07 ng\u00e0y k\u1ec3 t\u1eeb ng\u00e0y mua ho\u1eb7c nh\u1eadn h\u00e0ng t\u00f9y \u0111i\u1ec1u ki\u1ec7n n\u00e0o \u0111\u1ebfn sau.<\/li>\n\n\n\n<li>myphamaumy.com kh\u00f4ng nh\u1eadn l\u1ea1i s\u1ea3n ph\u1ea9m n\u1ebfu s\u1ea3n ph\u1ea9m b\u1ecb h\u01b0 h\u1ecfng, tr\u00f3c nh\u00e3n s\u1ea3n ph\u1ea9m ho\u1eb7c \u0111\u00e3 b\u1ecb m\u1edf n\u1eafp ho\u1eb7c ng\u01b0\u1eddi tr\u1ea3 l\u1ea1i s\u1ea3n ph\u1ea9m kh\u00f4ng c\u00f3 h\u00f3a \u0111\u01a1n mua h\u00e0ng.<\/li>\n\n\n\n<li>Trong tr\u01b0\u1eddng h\u1ee3p kh\u00e1ch h\u00e0ng tr\u1ea3 l\u1ea1i do l\u1ed7i nh\u00e0 s\u1ea3n xu\u1ea5t myphamaumy.com s\u1ebd nh\u1eadn l\u1ea1i s\u1ea3n ph\u1ea9m, vi\u1ebft bi\u00ean nh\u1eadn v\u00e0 \u0111\u1ed5i s\u1ea3n ph\u1ea9m trong v\u00f2ng 07 ng\u00e0y k\u1ec3 t\u1eeb ng\u00e0y tr\u1ea3 l\u1ea1i s\u1ea3n ph\u1ea9m.<\/li>\n\n\n\n<li>Trong tr\u01b0\u1eddng h\u1ee3p kh\u00e1ch h\u00e0ng tr\u1ea3 l\u1ea1i s\u1ea3n ph\u1ea9m do l\u1ed7i c\u1ee7a myphamaumy.com, myphamaumy.com s\u1ebd ho\u00e0n l\u1ea1i 100% gi\u00e1 tr\u1ecb mua h\u00e0ng t\u1ea1i th\u1eddi \u0111i\u1ec3m v\u00e0 tr\u1eeb c\u00e1c chi ph\u00ed v\u00e0 hoa h\u1ed3ng (n\u1ebfu c\u00f3).<\/li>\n\n\n\n<li>Trong tr\u01b0\u1eddng h\u1ee3p kh\u00e1ch h\u00e0ng mua l\u1ebb t\u1eeb \u0111\u1ea1i l\u00fd v\u00e0 mu\u1ed1n tr\u1ea3 l\u1ea1i s\u1ea3n ph\u1ea9m. N\u1ebfu c\u1eeda h\u00e0ng c\u1ee7a \u0111\u1ea1i l\u00fd \u0111\u00f3 c\u00f2n ho\u1ea1t \u0111\u1ed9ng. Myphamaumy.com s\u1ebd gi\u00fap qu\u00fd kh\u00e1ch li\u00ean h\u1ec7 v\u1edbi h\u1ecd \u0111\u1ec3 tr\u1ea3 l\u1ea1i s\u1ea3n ph\u1ea9m. Trong tr\u01b0\u1eddng h\u1ee3p n\u00e0y c\u1eeda h\u00e0ng \u0111\u1ea1i l\u00fd v\u00e0 kh\u00e1ch h\u00e0ng kh\u00e1ch h\u00e0ng s\u1ebd t\u1ef1 th\u1ecfa thu\u1eadn v\u1ec1 vi\u1ec7c ho\u00e0n l\u1ea1i ti\u1ec1n mua h\u00e0ng cho kh\u00e1ch h\u00e0ng. Myphamaumy.com kh\u00f4ng c\u00f3 ngh\u0129a v\u1ee5 gi\u1ea3i quy\u1ebft.<\/li>\n<\/ul>\n\n\n\n<p>Tr\u00e2n tr\u1ecdng<\/p>\n\n\n\n<p><\/p>","protected":false},"excerpt":{"rendered":"<p>\u0110\u00e2y l\u00e0 ch\u00ednh s\u00e1ch \u0111\u1ed5i, tr\u1ea3 h\u00e0ng m\u00e0 myphamaumy.com \u00e1p d\u1ee5ng cho t\u1ea5t c\u1ea3 nh\u1eefng kh\u00e1ch h\u00e0ng mua h\u00e0ng t\u1ea1i<\/p>","protected":false},"author":1,"featured_media":0,"parent":0,"menu_order":0,"comment_status":"closed","ping_status":"closed","template":"","meta":{"footnotes":""},"class_list":["post-12","page","type-page","status-publish","hentry"],"_links":{"self":[{"href":"https:\/\/myphamaumy.com\/en\/wp-json\/wp\/v2\/pages\/12","targetHints":{"allow":["GET"]}}],"collection":[{"href":"https:\/\/myphamaumy.com\/en\/wp-json\/wp\/v2\/pages"}],"about":[{"href":"https:\/\/myphamaumy.com\/en\/wp-json\/wp\/v2\/types\/page"}],"author":[{"embeddable":true,"href":"https:\/\/myphamaumy.com\/en\/wp-json\/wp\/v2\/users\/1"}],"replies":[{"embeddable":true,"href":"https:\/\/myphamaumy.com\/en\/wp-json\/wp\/v2\/comments?post=12"}],"version-history":[{"count":0,"href":"https:\/\/myphamaumy.com\/en\/wp-json\/wp\/v2\/pages\/12\/revisions"}],"wp:attachment":[{"href":"https:\/\/myphamaumy.com\/en\/wp-json\/wp\/v2\/media?parent=12"}],"curies":[{"name":"wp","href":"https:\/\/api.w.org\/{rel}","templated":true}]}}