{"id":27554,"date":"2025-05-05T21:16:17","date_gmt":"2025-05-05T14:16:17","guid":{"rendered":"https:\/\/myphamaumy.com\/?page_id=27554"},"modified":"2025-05-05T21:16:27","modified_gmt":"2025-05-05T14:16:27","slug":"chinh-sach-ban-hang","status":"publish","type":"page","link":"https:\/\/myphamaumy.com\/en\/chinh-sach-ban-hang\/","title":{"rendered":"Sales policy"},"content":{"rendered":"<p><strong>Quy \u0111\u1ecbnh v\u00e0 h\u00ecnh th\u1ee9c thanh to\u00e1n<\/strong><\/p>\n\n\n\n<p><strong>Swimcare&nbsp;<\/strong>xin g\u1eedi t\u1edbi qu\u00fd kh\u00e1ch h\u00e0ng nh\u1eefng h\u00ecnh th\u1ee9c thanh to\u00e1n m\u00e0 ch\u00fang t\u00f4i \u0111ang \u00e1p d\u1ee5ng cho t\u1ea5t c\u1ea3 c\u00e1c kh\u00e1ch h\u00e0ng khi mua s\u1ea3n ph\u1ea9m c\u1ee7a ch\u00fang t\u00f4i nh\u01b0 sau:<\/p>\n\n\n\n<p><strong>1. Thanh to\u00e1n ti\u1ec1n m\u1eb7t khi giao h\u00e0ng<\/strong><\/p>\n\n\n\n<p>N\u1ebfu \u0111\u1ecba \u0111i\u1ec3m giao h\u00e0ng v\u00e0 thanh to\u00e1n \u0111\u1ec1u l\u00e0 m\u1ed9t v\u00e0 thu\u1ed9c n\u1ed9i th\u00e0nh TP H\u1ed3 Ch\u00ed Minh th\u00ec ch\u00fang t\u00f4i s\u1ebd thu ti\u1ec1n khi giao h\u00e0ng ho\u1eb7c kh\u00e1ch h\u00e0ng \u0111\u1eb7t ti\u1ec1n tr\u01b0\u1edbc m\u1ed9t ph\u1ea7n ho\u1eb7c to\u00e0n gi\u00e1 tr\u1ecb \u0111\u01a1n h\u00e0ng t\u00f9y thu\u1ed9c v\u00e0o \u0111\u01a1n h\u00e0ng.<\/p>\n\n\n\n<p><strong>2. Thanh to\u00e1n tr\u1ef1c ti\u1ebfp<\/strong><\/p>\n\n\n\n<p>Kh\u00f4ng \u00e1p d\u1ee5ng. Vui l\u00f2ng li\u00ean h\u1ec7 c\u00e1c \u0111\u1ea1i l\u00fd c\u1ee7a ch\u00fang t\u00f4i tr\u01b0\u1eddng h\u1ee3p kh\u00e1ch h\u00e0ng mu\u1ed1n mua t\u1ea1i c\u1eeda h\u00e0ng v\u00e0 thanh to\u00e1n ti\u1ec1n m\u1eb7t.<\/p>\n\n\n\n<p><strong>3. Chuy\u1ec3n kho\u1ea3n qua ng\u00e2n h\u00e0ng<\/strong><\/p>\n\n\n\n<p>N\u1ebfu \u0111\u1ecba \u0111i\u1ec3m giao h\u00e0ng kh\u00e1c v\u1edbi \u0111\u1ecba \u0111i\u1ec3m thanh to\u00e1n ho\u1eb7c v\u1edbi nh\u1eefng \u0111\u01a1n \u0111\u1eb7t h\u00e0ng ngo\u00e0i n\u1ed9i th\u00e0nh TP H\u1ed3 Ch\u00ed Minh. Ch\u00fang t\u00f4i s\u1ebd thu ti\u1ec1n tr\u01b0\u1edbc 100% gi\u00e1 tr\u1ecb h\u00e0ng + ph\u00ed v\u1eadn chuy\u1ec3n theo c\u01b0\u1edbc ph\u00ed t\u00ednh trong ch\u00ednh s\u00e1ch v\u1eadn chuy\u1ec3n b\u1eb1ng ph\u01b0\u01a1ng th\u1ee9c chuy\u1ec3n kho\u1ea3n tr\u01b0\u1edbc khi giao h\u00e0ng.<\/p>\n\n\n\n<p>Sau khi c\u00f3 th\u00f4ng tin x\u00e1c th\u1ef1c \u0111\u00e3 chuy\u1ec3n ti\u1ec1n c\u1ee7a qu\u00fd kh\u00e1ch, ch\u00fang t\u00f4i s\u1ebd th\u1ef1c hi\u1ec7n \u0111\u01a1n h\u00e0ng theo y\u00eau c\u1ea7u.<\/p>\n\n\n\n<p><\/p>","protected":false},"excerpt":{"rendered":"<p>Quy \u0111\u1ecbnh v\u00e0 h\u00ecnh th\u1ee9c thanh to\u00e1n Swimcare&nbsp;xin g\u1eedi t\u1edbi qu\u00fd kh\u00e1ch h\u00e0ng nh\u1eefng h\u00ecnh th\u1ee9c thanh to\u00e1n m\u00e0 ch\u00fang<\/p>","protected":false},"author":1,"featured_media":0,"parent":0,"menu_order":0,"comment_status":"closed","ping_status":"closed","template":"","meta":{"footnotes":""},"class_list":["post-27554","page","type-page","status-publish","hentry"],"_links":{"self":[{"href":"https:\/\/myphamaumy.com\/en\/wp-json\/wp\/v2\/pages\/27554","targetHints":{"allow":["GET"]}}],"collection":[{"href":"https:\/\/myphamaumy.com\/en\/wp-json\/wp\/v2\/pages"}],"about":[{"href":"https:\/\/myphamaumy.com\/en\/wp-json\/wp\/v2\/types\/page"}],"author":[{"embeddable":true,"href":"https:\/\/myphamaumy.com\/en\/wp-json\/wp\/v2\/users\/1"}],"replies":[{"embeddable":true,"href":"https:\/\/myphamaumy.com\/en\/wp-json\/wp\/v2\/comments?post=27554"}],"version-history":[{"count":0,"href":"https:\/\/myphamaumy.com\/en\/wp-json\/wp\/v2\/pages\/27554\/revisions"}],"wp:attachment":[{"href":"https:\/\/myphamaumy.com\/en\/wp-json\/wp\/v2\/media?parent=27554"}],"curies":[{"name":"wp","href":"https:\/\/api.w.org\/{rel}","templated":true}]}}