{"id":27557,"date":"2025-05-05T21:17:07","date_gmt":"2025-05-05T14:17:07","guid":{"rendered":"https:\/\/myphamaumy.com\/?page_id=27557"},"modified":"2025-05-05T21:17:07","modified_gmt":"2025-05-05T14:17:07","slug":"chinh-sach-giao-nhan","status":"publish","type":"page","link":"https:\/\/myphamaumy.com\/en\/chinh-sach-giao-nhan\/","title":{"rendered":"Delivery policy"},"content":{"rendered":"<p>S\u1ea3n ph\u1ea9m c\u1ee7a swimcare kh\u00f4ng \u0111\u01b0\u1ee3c tr\u01b0ng b\u00e0y b\u00e1n \u1edf nh\u1eefng n\u01a1i c\u00f3 \u00e1nh n\u1eafng tr\u1ef1c ti\u1ebfp ho\u1eb7c nh\u1eefng c\u01a1 s\u1edf thi\u1ebfu t\u00ednh chuy\u00ean nghi\u1ec7p kh\u00f4ng \u0111\u1ea3m b\u1ea3o v\u1ec7 sinh s\u1ea1ch s\u1ebd.<\/p>\n\n\n\n<p><strong>Ph\u01b0\u01a1ng th\u1ee9c thanh to\u00e1n tr\u1ea3 ngay:<\/strong><\/p>\n\n\n\n<p>Thanh to\u00e1n ti\u1ec1n qua t\u00e0i kho\u1ea3n ng\u00e2n h\u00e0ng ho\u1eb7c h\u00ecnh th\u1ee9c chuy\u1ec3n ti\u1ec1n t\u01b0\u01a1ng t\u1ef1. Sau khi nh\u1eadn ti\u1ec1n c\u00f4ng ty s\u1ebd chuy\u1ec3n h\u00e0ng \u0111\u1ebfn \u0111\u1ecba \u0111i\u1ec3m theo y\u00eau c\u1ea7u kh\u00e1ch h\u00e0ng:<\/p>\n\n\n\n<p>Kh\u00e1ch h\u00e0ng \u1edf xa: chuy\u1ec3n h\u00e0ng qua d\u1ecbch v\u1ee5 giao nh\u1eadn chuy\u00ean nghi\u1ec7p, theo \u0111\u01b0\u1eddng b\u01b0u \u0111i\u1ec7n, t\u00e0u, xe kh\u00e1ch.<\/p>\n\n\n\n<p>Khi nh\u1eadn h\u00e0ng kh\u00e1ch h\u00e0ng t\u1ef1 thanh to\u00e1n c\u01b0\u1edbc ph\u00ed v\u1eadn chuy\u1ec3n. Tuy nhi\u00ean:<\/p>\n\n\n\n<ul class=\"wp-block-list\">\n<li>\u0110\u01a1n h\u00e0ng \u0111\u1ea1i l\u00fd, nh\u00e0 b\u00e1n s\u1ec9\/b\u00e1n l\u1ebb mua h\u00e0ng tr\u00ean 50 tri\u1ec7u trong ph\u1ea1m vi 10km th\u00ec kh\u00f4ng ph\u1ea3i tr\u1ea3 c\u01b0\u1edbc ph\u00ed.<\/li>\n\n\n\n<li>\u0110\u01a1n h\u00e0ng kh\u00e1ch mua l\u1ebb: d\u01b0\u1edbi 1 tri\u1ec7u th\u00ec kh\u00f4ng ph\u1ea3i tr\u1ea3 c\u01b0\u1edbc ph\u00ed.<\/li>\n<\/ul>\n\n\n\n<p>\u0110\u01a1n h\u00e0ng s\u1ebd \u0111\u01b0\u1ee3c swimcare th\u1ef1c hi\u1ec7n giao h\u00e0ng trong ph\u1ea1m vi t\u1eeb 3-5 ng\u00e0y l\u00e0m vi\u1ec7c t\u00f9y theo kho\u1ea3ng c\u00e1ch \u0111\u1ecba l\u00fd.<\/p>\n\n\n\n<p>Swimcare kh\u00f4ng khuy\u1ebfn kh\u00edch kh\u00e1ch h\u00e0ng mua m\u1ed9t s\u1ed1 l\u01b0\u1ee3ng s\u1ea3n ph\u1ea9m nhi\u1ec1u h\u01a1n m\u1ee9c c\u00f3 th\u1ec3 b\u00e1n, ti\u00eau th\u1ee5 ho\u1eb7c s\u1eed d\u1ee5ng cho ho\u1ea1t \u0111\u1ed9ng khuy\u1ebfn m\u1ea1i, mua h\u00e0ng d\u1ef1 tr\u1eef nh\u1eb1m m\u1ee5c \u0111\u00edch nh\u1eadn ti\u1ec1n hoa h\u1ed3ng, sau \u0111\u00f3 \u0111em tr\u1ea3 l\u1ea1i s\u1ea3n ph\u1ea9m d\u1ef1 tr\u1eef.<\/p>\n\n\n\n<p>M\u1ecdi chi ti\u1ebft xin li\u00ean h\u1ec7: Swimcare<\/p>\n\n\n\n<p>\u0110\u1ecba ch\u1ec9: 235\/27 Nam K\u1ef3 Kh\u1edfi Ngh\u0129a, Ph\u01b0\u1eddng V\u00f5 Th\u1ecb S\u00e1u, Qu\u1eadn 3, Tp.HCM<\/p>\n\n\n\n<p>S\u1ed1 \u0111i\u1ec7n tho\u1ea1i: 08 4959 7968<\/p>\n\n\n\n<p>Email: swimcare.vn@gmail.com<\/p>","protected":false},"excerpt":{"rendered":"<p>S\u1ea3n ph\u1ea9m c\u1ee7a swimcare kh\u00f4ng \u0111\u01b0\u1ee3c tr\u01b0ng b\u00e0y b\u00e1n \u1edf nh\u1eefng n\u01a1i c\u00f3 \u00e1nh n\u1eafng tr\u1ef1c ti\u1ebfp ho\u1eb7c nh\u1eefng c\u01a1<\/p>","protected":false},"author":1,"featured_media":0,"parent":0,"menu_order":0,"comment_status":"closed","ping_status":"closed","template":"","meta":{"footnotes":""},"class_list":["post-27557","page","type-page","status-publish","hentry"],"_links":{"self":[{"href":"https:\/\/myphamaumy.com\/en\/wp-json\/wp\/v2\/pages\/27557","targetHints":{"allow":["GET"]}}],"collection":[{"href":"https:\/\/myphamaumy.com\/en\/wp-json\/wp\/v2\/pages"}],"about":[{"href":"https:\/\/myphamaumy.com\/en\/wp-json\/wp\/v2\/types\/page"}],"author":[{"embeddable":true,"href":"https:\/\/myphamaumy.com\/en\/wp-json\/wp\/v2\/users\/1"}],"replies":[{"embeddable":true,"href":"https:\/\/myphamaumy.com\/en\/wp-json\/wp\/v2\/comments?post=27557"}],"version-history":[{"count":0,"href":"https:\/\/myphamaumy.com\/en\/wp-json\/wp\/v2\/pages\/27557\/revisions"}],"wp:attachment":[{"href":"https:\/\/myphamaumy.com\/en\/wp-json\/wp\/v2\/media?parent=27557"}],"curies":[{"name":"wp","href":"https:\/\/api.w.org\/{rel}","templated":true}]}}