{"id":3,"date":"2025-04-09T09:25:24","date_gmt":"2025-04-09T09:25:24","guid":{"rendered":"https:\/\/myphamaumy.com\/?page_id=3"},"modified":"2025-05-05T21:14:08","modified_gmt":"2025-05-05T14:14:08","slug":"chinh-sach-quyen-rieng-tu","status":"publish","type":"page","link":"https:\/\/myphamaumy.com\/en\/chinh-sach-quyen-rieng-tu\/","title":{"rendered":"Ch\u00ednh s\u00e1ch quy\u1ec1n ri\u00eang t\u01b0"},"content":{"rendered":"<p>Ch\u00ednh s\u00e1ch b\u1ea3o m\u1eadt th\u00f4ng tin l\u00e0 m\u1ed9t trong nh\u1eefng ch\u00ednh s\u00e1ch m\u00e0 Swimcare \u0111\u1eb7c bi\u1ec7t ch\u00fa tr\u1ecdng khi kh\u00e1ch h\u00e0ng mua h\u00e0ng t\u1ea1i&nbsp;<a href=\"https:\/\/thuonghieuuytin.online\/\">www.swimcare.vn<\/a>. Ch\u00ednh s\u00e1ch \u0111\u00f3 \u0111\u01b0\u1ee3c ch\u00fang t\u00f4i tri\u1ec3n khai nh\u01b0 sau:<\/p>\n\n\n\n<p>Ch\u00fang t\u00f4i hi\u1ec3u r\u1eb1ng Qu\u00fd kh\u00e1ch h\u00e0ng r\u1ea5t quan t\u00e2m \u0111\u1ebfn vi\u1ec7c nh\u1eefng th\u00f4ng tin c\u00e1 nh\u00e2n m\u00e0 kh\u00e1ch h\u00e0ng \u0111\u00e3 tin c\u1eady cung c\u1ea5p cho ch\u00fang t\u00f4i \u0111\u01b0\u1ee3c b\u1ea3o m\u1eadt v\u00e0 s\u1eed d\u1ee5ng ra sao. Ch\u00fang t\u00f4i r\u1ea5t tr\u00e2n tr\u1ecdng s\u1ef1 quan t\u00e2m \u0111\u00f3 v\u00e0 cam k\u1ebft r\u1eb1ng nh\u1eefng th\u00f4ng tin n\u00e0y s\u1ebd \u0111\u01b0\u1ee3c ch\u00fang t\u00f4i n\u1ed7 l\u1ef1c t\u1ed1i \u0111a \u0111\u1ec3 b\u1ea3o m\u1eadt. Swimcare \u0111\u1ea3m b\u1ea3o s\u1ebd s\u1eed d\u1ee5ng th\u00f4ng tin kh\u00e1ch h\u00e0ng m\u1ed9t c\u00e1ch h\u1ee3p l\u00fd, c\u00f3 c\u00e2n nh\u1eafc \u0111\u1ec3 kh\u00f4ng ng\u1eebng c\u1ea3i thi\u1ec7n ch\u1ea5t l\u01b0\u1ee3ng d\u1ecbch v\u1ee5 v\u00e0 \u0111em l\u1ea1i cho Qu\u00fd Kh\u00e1ch h\u00e0ng nh\u1eefng tr\u1ea3i nghi\u1ec7m th\u00fa v\u1ecb khi mua s\u1eafm t\u1ea1i website&nbsp;<a href=\"https:\/\/thuonghieuuytin.online\/\">www.swimcare.vn<\/a>. Ch\u00fang t\u00f4i ch\u1ec9 s\u1eed d\u1ee5ng t\u00ean v\u00e0 m\u1ed9t s\u1ed1 th\u00f4ng tin kh\u00e1c c\u1ee7a qu\u00fd kh\u00e1ch theo c\u00e1ch \u0111\u01b0\u1ee3c \u0111\u1ec1 ra trong Ch\u00ednh s\u00e1ch B\u1ea3o m\u1eadt n\u00e0y.<\/p>\n\n\n\n<p>Ch\u00fang t\u00f4i ch\u1ec9 gi\u1eef th\u00f4ng tin c\u1ee7a qu\u00fd kh\u00e1ch trong th\u1eddi gian lu\u1eadt ph\u00e1p y\u00eau c\u1ea7u ho\u1eb7c cho m\u1ee5c \u0111\u00edch m\u00e0 th\u00f4ng tin \u0111\u00f3 \u0111\u01b0\u1ee3c thu th\u1eadp.<\/p>\n\n\n\n<p>Qu\u00fd kh\u00e1ch c\u00f3 th\u1ec3 gh\u00e9 th\u0103m website m\u00e0 kh\u00f4ng c\u1ea7n ph\u1ea3i cung c\u1ea5p b\u1ea5t k\u1ef3 th\u00f4ng tin c\u00e1 nh\u00e2n n\u00e0o. Khi vi\u1ebfng th\u0103m website, Qu\u00fd kh\u00e1ch s\u1ebd lu\u00f4n \u1edf trong t\u00ecnh tr\u1ea1ng v\u00f4 danh tr\u1eeb khi qu\u00fd kh\u00e1ch c\u00f3 t\u00e0i kho\u1ea3n tr\u00ean website v\u00e0 \u0111\u0103ng nh\u1eadp v\u00e0o b\u1eb1ng t\u00ean v\u00e0 m\u1eadt kh\u1ea9u c\u1ee7a m\u00ecnh.<\/p>\n\n\n\n<p><strong>1. M\u1ee5c \u0111\u00edch v\u00e0 ph\u1ea1m vi thu th\u1eadp th\u00f4ng tin<\/strong><\/p>\n\n\n\n<p>\u0110\u1ec3 g\u1eedi y\u00eau c\u1ea7u mua h\u00e0ng tr\u00ean website&nbsp;<a href=\"https:\/\/thuonghieuuytin.online\/\">www.swimcare.vn<\/a>, Qu\u00fd Kh\u00e1ch h\u00e0ng ph\u1ea3i cung c\u1ea5p m\u1ed9t s\u1ed1 th\u00f4ng tin nh\u01b0: H\u1ecd t\u00ean, s\u1ed1 \u0111i\u1ec7n tho\u1ea1i, \u0111\u1ecba ch\u1ec9, email v\u00e0 m\u1ed9t s\u1ed1 th\u00f4ng tin kh\u00e1c. Ph\u1ea7n th\u00f4ng tin c\u01a1 b\u1ea3n b\u1eaft bu\u1ed9c n\u00e0y nh\u1eb1m gi\u00fap ch\u00fang t\u00f4i x\u00e1c \u0111\u1ecbnh ph\u1ea7n thanh to\u00e1n v\u00e0 giao h\u00e0ng ch\u00ednh x\u00e1c cho ng\u01b0\u1eddi nh\u1eadn.<\/p>\n\n\n\n<p>Ch\u00fang t\u00f4i c\u00f3 l\u01b0u tr\u1eef nh\u1eefng th\u00f4ng tin tr\u00ean website ho\u1eb7c g\u1eedi email tr\u1ef1c ti\u1ebfp \u0111\u1ebfn info@swimcare.vn, nh\u1eefng th\u00f4ng tin \u0111\u00f3 s\u1ebd \u0111\u01b0\u1ee3c s\u1eed d\u1ee5ng cho m\u1ee5c \u0111\u00edch ph\u1ea3n h\u1ed3i y\u00eau c\u1ea7u c\u1ee7a kh\u00e1ch h\u00e0ng, \u0111\u01b0a ra nh\u1eefng g\u1ee3i \u00fd\u200e ph\u00f9 h\u1ee3p cho t\u1eebng kh\u00e1ch h\u00e0ng khi mua h\u00e0ng h\u00f3a t\u1ea1i Swimcare.vn, gi\u00fap ch\u00fang t\u00f4i n\u00e2ng cao ch\u1ea5t l\u01b0\u1ee3ng d\u1ecbch v\u1ee5 v\u00e0 li\u00ean l\u1ea1c, h\u1ed7 tr\u1ee3 kh\u00e1ch h\u00e0ng khi c\u1ea7n.<\/p>\n\n\n\n<p>Ngo\u00e0i ra, c\u00e1c th\u00f4ng tin giao d\u1ecbch g\u1ed3m: l\u1ecbch s\u1eed mua h\u00e0ng, gi\u00e1 tr\u1ecb giao d\u1ecbch, ph\u01b0\u01a1ng th\u1ee9c v\u1eadn chuy\u1ec3n v\u00e0 thanh to\u00e1n c\u0169ng \u0111\u01b0\u1ee3c ch\u00fang t\u00f4i l\u01b0u tr\u1eef nh\u1eb1m gi\u1ea3i quy\u1ebft nh\u1eefng v\u1ea5n \u0111\u1ec1 c\u00f3 th\u1ec3 ph\u00e1t sinh v\u1ec1 sau.<\/p>\n\n\n\n<p><strong>2. Ph\u1ea1m vi s\u1eed d\u1ee5ng th\u00f4ng tin<\/strong><\/p>\n\n\n\n<p>Nh\u1eefng th\u00f4ng tin thu th\u1eadp tr\u00ean s\u1ebd \u0111\u01b0\u1ee3c s\u1eed d\u1ee5ng cho m\u1ed9t ho\u1eb7c t\u1ea5t c\u1ea3 c\u00e1c m\u1ee5c \u0111\u00edch sau \u0111\u00e2y:<\/p>\n\n\n\n<ul class=\"wp-block-list\">\n<li>Giao h\u00e0ng cho Qu\u00fd kh\u00e1ch hang \u0111\u00e3 \u0111\u1eb7t h\u00e0ng t\u1ea1i swimcare.vn<\/li>\n\n\n\n<li>Th\u00f4ng b\u00e1o v\u1ec1 vi\u1ec7c giao h\u00e0ng v\u00e0 h\u1ed7 tr\u1ee3 kh\u00e1ch h\u00e0ng<\/li>\n\n\n\n<li>Cung c\u1ea5p th\u00f4ng tin li\u00ean quan \u0111\u1ebfn s\u1ea3n ph\u1ea9m<\/li>\n\n\n\n<li>X\u1eed l\u00fd \u0111\u01a1n \u0111\u1eb7t h\u00e0ng, cung c\u1ea5p d\u1ecbch v\u1ee5 v\u00e0 trao \u0111\u1ed5i th\u00f4ng tin v\u1edbi Qu\u00fd kh\u00e1ch hang.<\/li>\n<\/ul>\n\n\n\n<p>Ngo\u00e0i ra, ch\u00fang t\u00f4i s\u1ebd s\u1eed d\u1ee5ng th\u00f4ng tin Qu\u00fd kh\u00e1ch h\u00e0ng cung c\u1ea5p nh\u1eb1m:<\/p>\n\n\n\n<ul class=\"wp-block-list\">\n<li>H\u1ed7 tr\u1ee3 qu\u1ea3n l\u00fd t\u00e0i kho\u1ea3n kh\u00e1ch h\u00e0ng;<\/li>\n\n\n\n<li>X\u00e1c nh\u1eadn v\u00e0 th\u1ef1c hi\u1ec7n c\u00e1c giao d\u1ecbch t\u00e0i ch\u00ednh li\u00ean quan \u0111\u1ebfn c\u00e1c kho\u1ea3n thanh to\u00e1n tr\u1ef1c tuy\u1ebfn c\u1ee7a qu\u00fd kh\u00e1ch;<\/li>\n\n\n\n<li>Ki\u1ec3m tra d\u1eef li\u1ec7u t\u1ea3i t\u1eeb website c\u1ee7a ch\u00fang t\u00f4i;<\/li>\n\n\n\n<li>Nghi\u00ean c\u1ee9u v\u1ec1 nh\u00e2n kh\u1ea9u h\u1ecdc c\u1ee7a ng\u01b0\u1eddi s\u1eed d\u1ee5ng;<\/li>\n\n\n\n<li>G\u1eedi \u0111\u1ebfn qu\u00fd kh\u00e1ch h\u00e0ng th\u00f4ng tin m\u00e0 ch\u00fang t\u00f4i ngh\u0129 s\u1ebd c\u00f3 \u00edch ho\u1eb7c do Qu\u00fd kh\u00e1ch y\u00eau c\u1ea7u, bao g\u1ed3m th\u00f4ng tin v\u1ec1 s\u1ea3n ph\u1ea9m v\u00e0 d\u1ecbch v\u1ee5, c\u00e1c ch\u01b0\u01a1ng tr\u00ecnh khuy\u1ebfn m\u00e3i\/ti\u1ebfp th\u1ecb v\u1edbi \u0111i\u1ec1u ki\u1ec7n Qu\u00fd kh\u00e1ch h\u00e0ng \u0111\u1ed3ng \u00fd kh\u00f4ng ph\u1ea3n \u0111\u1ed1i vi\u1ec7c \u0111\u01b0\u1ee3c li\u00ean l\u1ea1c cho c\u00e1c m\u1ee5c \u0111\u00edch tr\u00ean. Qu\u00fd kh\u00e1ch c\u00f3 th\u1ec3 h\u1ee7y nh\u1eadn c\u00e1c th\u00f4ng tin \u0111\u00f3 b\u1ea5t k\u1ef3 l\u00fac n\u00e0o b\u1eb1ng c\u00e1ch s\u1eed d\u1ee5ng ch\u1ee9c n\u0103ng h\u1ee7y \u0111\u0103ng k\u00fd trong c\u00e1c th\u00f4ng b\u00e1o qu\u1ea3ng c\u00e1o.<\/li>\n<\/ul>\n\n\n\n<p>Ch\u00fang t\u00f4i c\u00f3 th\u1ec3 chia s\u1ebb t\u00ean v\u00e0 \u0111\u1ecba ch\u1ec9 c\u1ee7a qu\u00fd kh\u00e1ch cho d\u1ecbch v\u1ee5 chuy\u1ec3n ph\u00e1t nhanh ho\u1eb7c nh\u00e0 cung c\u1ea5p c\u1ee7a ch\u00fang t\u00f4i \u0111\u1ec3 c\u00f3 th\u1ec3 giao h\u00e0ng cho Qu\u00fd kh\u00e1ch.<\/p>\n\n\n\n<p>C\u00e1c kho\u1ea3n thanh to\u00e1n m\u00e0 Qu\u00fd kh\u00e1ch th\u1ef1c hi\u1ec7n qua website (n\u1ebfu c\u00f3) s\u1ebd \u0111\u01b0\u1ee3c x\u1eed l\u00fd b\u1edfi c\u00f4ng ty c\u1ee7a ch\u00fang t\u00f4i. Qu\u00fd kh\u00e1ch ph\u1ea3i cung c\u1ea5p cho ch\u00fang t\u00f4i nh\u1eefng th\u00f4ng tin ch\u00ednh x\u00e1c v\u00e0 ph\u1ea3i lu\u00f4n c\u1eadp nh\u1eadt th\u00f4ng tin v\u00e0 b\u00e1o cho ch\u00fang t\u00f4i bi\u1ebft n\u1ebfu c\u00f3 thay \u0111\u1ed5i.<\/p>\n\n\n\n<p>Chi ti\u1ebft \u0111\u01a1n h\u00e0ng c\u1ee7a Qu\u00fd kh\u00e1ch s\u1ebd \u0111\u01b0\u1ee3c ch\u00fang t\u00f4i l\u01b0u tr\u1eef nh\u01b0ng v\u00ec l\u00fd do b\u1ea3o m\u1eadt, Qu\u00fd kh\u00e1ch kh\u00f4ng th\u1ec3 y\u00eau c\u1ea7u th\u00f4ng tin \u0111\u00f3 t\u1eeb ch\u00fang t\u00f4i.<\/p>\n\n\n\n<p>Ch\u00fang t\u00f4i c\u0169ng s\u1ebd l\u01b0u tr\u1eef b\u1ea5t k\u1ef3 th\u00f4ng tin n\u00e0o b\u1ea1n nh\u1eadp tr\u00ean website ho\u1eb7c g\u1eedi \u0111\u1ebfn c\u00f4ng ty ch\u00fang t\u00f4i. Nh\u1eefng th\u00f4ng tin \u0111\u00f3 s\u1ebd \u0111\u01b0\u1ee3c s\u1eed d\u1ee5ng cho m\u1ee5c \u0111\u00edch ph\u1ea3n h\u1ed3i y\u00eau c\u1ea7u c\u1ee7a Qu\u00fd kh\u00e1ch h\u00e0ng, \u0111\u01b0a ra nh\u1eefng g\u1ee3i \u00fd\u200e ph\u00f9 h\u1ee3p cho t\u1eebng kh\u00e1ch h\u00e0ng khi mua h\u00e0ng t\u1ea1i swimcare, n\u00e2ng cao ch\u1ea5t l\u01b0\u1ee3ng h\u00e0ng h\u00f3a, d\u1ecbch v\u1ee5 v\u00e0 li\u00ean l\u1ea1c v\u1edbi Qu\u00fd kh\u00e1ch h\u00e0ng khi c\u1ea7n.<\/p>\n\n\n\n<p>Ngo\u00e0i ra, c\u00e1c th\u00f4ng tin giao d\u1ecbch g\u1ed3m: L\u1ecbch s\u1eed mua h\u00e0ng, gi\u00e1 tr\u1ecb giao d\u1ecbch, ph\u01b0\u01a1ng th\u1ee9c v\u1eadn chuy\u1ec3n v\u00e0 thanh to\u00e1n c\u0169ng \u0111\u01b0\u1ee3c ch\u00fang t\u00f4i l\u01b0u tr\u1eef nh\u1eb1m gi\u1ea3i quy\u1ebft nh\u1eefng v\u1ea5n \u0111\u1ec1 c\u00f3 th\u1ec3 ph\u00e1t sinh v\u1ec1 sau.<\/p>\n\n\n\n<p>Ch\u00fang t\u00f4i s\u1ebd kh\u00f4ng chia s\u1ebb th\u00f4ng tin Qu\u00fd kh\u00e1ch h\u00e0ng tr\u1eeb nh\u1eefng tr\u01b0\u1eddng h\u1ee3p c\u1ee5 th\u1ec3 sau \u0111\u00e2y:<\/p>\n\n\n\n<ul class=\"wp-block-list\">\n<li>\u0110\u1ec3 b\u1ea3o v\u1ec7 Swimcare v\u00e0 c\u00e1c b\u00ean th\u1ee9 ba kh\u00e1c: Ch\u00fang t\u00f4i ch\u1ec9 \u0111\u01b0a ra th\u00f4ng tin t\u00e0i kho\u1ea3n v\u00e0 nh\u1eefng th\u00f4ng tin c\u00e1 nh\u00e2n kh\u00e1c khi tin ch\u1eafc r\u1eb1ng vi\u1ec7c \u0111\u01b0a nh\u1eefng th\u00f4ng tin \u0111\u00f3 l\u00e0 ph\u00f9 h\u1ee3p v\u1edbi lu\u1eadt ph\u00e1p, b\u1ea3o v\u1ec7 quy\u1ec1n l\u1ee3i, t\u00e0i s\u1ea3n c\u1ee7a ng\u01b0\u1eddi s\u1eed d\u1ee5ng d\u1ecbch v\u1ee5, c\u1ee7a Swimcare v\u00e0 c\u00e1c b\u00ean th\u1ee9 ba kh\u00e1c.<\/li>\n\n\n\n<li>Theo y\u00eau c\u1ea7u ph\u00e1p l\u200e\u00fd t\u1eeb m\u1ed9t c\u01a1 quan ch\u00ednh ph\u1ee7 ho\u1eb7c khi ch\u00fang t\u00f4i tin r\u1eb1ng vi\u1ec7c l\u00e0m \u0111\u00f3 l\u00e0 c\u1ea7n thi\u1ebft v\u00e0 ph\u00f9 h\u1ee3p nh\u1eb1m tu\u00e2n theo c\u00e1c y\u00eau c\u1ea7u ph\u00e1p l\u200e\u00fd<\/li>\n<\/ul>\n\n\n\n<p><strong>3. Th\u1eddi gian l\u01b0u tr\u1eef th\u00f4ng tin<\/strong><\/p>\n\n\n\n<p>Ch\u00fang t\u00f4i s\u1ebd l\u01b0u tr\u1eef c\u00e1c th\u00f4ng tin c\u00e1 nh\u00e2n do Qu\u00fd kh\u00e1ch h\u00e0ng cung c\u1ea5p tr\u00ean c\u00e1c h\u1ec7 th\u1ed1ng n\u1ed9i b\u1ed9 c\u1ee7a ch\u00fang t\u00f4i trong qu\u00e1 tr\u00ecnh cung c\u1ea5p h\u00e0ng h\u00f3a , d\u1ecbch v\u1ee5 cho Qu\u00fd kh\u00e1ch h\u00e0ng ho\u1eb7c cho \u0111\u1ebfn khi ho\u00e0n th\u00e0nh m\u1ee5c \u0111\u00edch thu th\u1eadp ho\u1eb7c khi Kh\u00e1ch h\u00e0ng c\u00f3 y\u00eau c\u1ea7u h\u1ee7y c\u00e1c th\u00f4ng tin \u0111\u00e3 cung c\u1ea5p.<\/p>\n\n\n\n<p><strong>4. Cam k\u1ebft B\u1ea3o m\u1eadt th\u00f4ng tin c\u00e1 nh\u00e2n kh\u00e1ch h\u00e0ng<\/strong><\/p>\n\n\n\n<p>Swimcare s\u1ebd b\u1ea3o v\u1ec7 th\u00f4ng tin c\u1ee7a kh\u00e1ch h\u00e0ng trong qu\u00e1 tr\u00ecnh chuy\u1ec3n d\u1eef li\u1ec7u b\u1eb1ng c\u00e1ch m\u00e3 h\u00f3a th\u00f4ng tin Qu\u00fd kh\u00e1ch h\u00e0ng nh\u1eadp v\u00e0o.<\/p>\n\n\n\n<p>M\u1ed9t \u0111i\u1ec1u quan tr\u1ecdng \u0111\u1ed1i v\u1edbi kh\u00e1ch h\u00e0ng l\u00e0 vi\u1ec7c t\u1ef1 b\u1ea3o v\u1ec7 b\u1ea1n tr\u01b0\u1edbc s\u1ef1 ti\u1ebfp c\u1eadn th\u00f4ng tin v\u1ec1 password (n\u1ebfu c\u00f3) khi Qu\u00fd kh\u00e1ch h\u00e0ng d\u00f9ng chung m\u00e1y t\u00ednh v\u1edbi nhi\u1ec1u ng\u01b0\u1eddi. Khi \u0111\u00f3, Qu\u00fd kh\u00e1ch h\u00e0ng ph\u1ea3i ch\u1eafc ch\u1eafn \u0111\u00e3 tho\u00e1t kh\u1ecfi t\u00e0i kho\u1ea3n sau khi th\u1ef1c hi\u1ec7n giao d\u1ecbch v\u1edbi ch\u00fang t\u00f4i.<\/p>\n\n\n\n<p>Ch\u00fang t\u00f4i c\u0169ng cam k\u1ebft kh\u00f4ng c\u1ed1 \u200e\u200e\u00fd ti\u1ebft l\u1ed9 th\u00f4ng tin kh\u00e1ch h\u00e0ng, kh\u00f4ng b\u00e1n ho\u1eb7c chia s\u1ebb th\u00f4ng tin kh\u00e1ch h\u00e0ng v\u00ec m\u1ee5c \u0111\u00edch th\u01b0\u01a1ng m\u1ea1i vi ph\u1ea1m nh\u1eefng cam k\u1ebft gi\u1eefa ch\u00fang t\u00f4i v\u1edbi Qu\u200e\u00fd kh\u00e1ch h\u00e0ng chi\u1ebfu theo Ch\u00ednh s\u00e1ch b\u1ea3o m\u1eadt th\u00f4ng tin kh\u00e1ch h\u00e0ng c\u1ee7a Swimcare.<\/p>\n\n\n\n<p>Kh\u00e1ch h\u00e0ng kh\u00f4ng n\u00ean trao \u0111\u1ed5i nh\u1eefng th\u00f4ng tin thanh to\u00e1n, giao nh\u1eadn c\u1ee7a m\u00ecnh cho 1 b\u00ean th\u1ee9 3 n\u00e0o kh\u00e1c \u0111\u1ec3 tr\u00e1nh r\u00f2 r\u1ec9 th\u00f4ng tin. Khi s\u1eed d\u1ee5ng chung m\u00e1y t\u00ednh v\u1edbi nhi\u1ec1u ng\u01b0\u1eddi, vui l\u00f2ng tho\u00e1t kh\u1ecfi t\u00e0i kho\u1ea3n m\u1ed7i khi kh\u00f4ng&nbsp; th\u1ef1c hi\u1ec7n t\u01b0\u01a1ng t\u00e1c tr\u00ean website c\u1ee7a ch\u00fang t\u00f4i n\u1eefa \u0111\u1ec3 t\u1ef1 b\u1ea3o v\u1ec7 th\u00f4ng tin v\u1ec1 m\u1eadt kh\u1ea9u truy c\u1eadp c\u1ee7a m\u00ecnh.<\/p>\n\n\n\n<p>Ngo\u00e0i ra, kh\u00e1ch h\u00e0ng tuy\u1ec7t \u0111\u1ed1i kh\u00f4ng \u0111\u01b0\u1ee3c s\u1eed d\u1ee5ng b\u1ea5t k\u1ef3 h\u00ecnh th\u1ee9c n\u00e0o \u0111\u1ec3 can thi\u1ec7p v\u00e0o h\u1ec7 th\u1ed1ng hay l\u00e0m thay \u0111\u1ed5i c\u1ea5u tr\u00fac d\u1eef li\u1ec7u. Swimcare nghi\u00eam c\u1ea5m vi\u1ec7c ph\u00e1t t\u00e1n, truy\u1ec1n b\u00e1 hay c\u1ed5 v\u0169 cho b\u1ea5t k\u1ef3 ho\u1ea1t \u0111\u1ed9ng n\u00e0o nh\u1eb1m can thi\u1ec7p, ph\u00e1 ho\u1ea1i hay x\u00e2m nh\u1eadp v\u00e0o d\u1eef li\u1ec7u c\u1ee7a h\u1ec7 th\u1ed1ng website c\u1ee7a ch\u00fang t\u00f4i. M\u1ecdi vi ph\u1ea1m s\u1ebd b\u1ecb t\u01b0\u1edbc b\u1ecf m\u1ecdi quy\u1ec1n l\u1ee3i c\u0169ng nh\u01b0 s\u1ebd b\u1ecb truy t\u1ed1 tr\u01b0\u1edbc ph\u00e1p lu\u1eadt n\u1ebfu c\u1ea7n thi\u1ebft. M\u1ecdi th\u00f4ng tin c\u1ee7a Qu\u00fd kh\u00e1ch t\u1ea1i h\u1ec7 th\u1ed1ng s\u1ebd \u0111\u01b0\u1ee3c ch\u00fang t\u00f4i b\u1ea3o m\u1eadt nh\u01b0ng trong tr\u01b0\u1eddng h\u1ee3p ph\u00e1p lu\u1eadt y\u00eau c\u1ea7u, ch\u00fang t\u00f4i bu\u1ed9c ph\u1ea3i cung c\u1ea5p th\u00f4ng tin n\u00e0y cho c\u01a1 quan qu\u1ea3n l\u00fd nh\u00e0 n\u01b0\u1edbc v\u00e0 th\u1ef1c thi ph\u00e1p lu\u1eadt.<\/p>\n\n\n\n<p>Ch\u00ednh s\u00e1ch b\u1ea3o m\u1eadt th\u00f4ng tin kh\u00e1ch h\u00e0ng c\u1ee7a ch\u00fang t\u00f4i ch\u1ec9 \u0111\u01b0\u1ee3c \u00e1p d\u1ee5ng t\u1ea1i h\u1ec7 th\u1ed1ng website c\u1ee7a c\u00f4ng ty t\u1ea1i swimcare.vn c\u0169ng nh\u01b0 nh\u1eefng website kh\u00e1c. N\u00f3 kh\u00f4ng bao g\u1ed3m ho\u1eb7c li\u00ean quan \u0111\u1ebfn c\u00e1c b\u00ean th\u1ee9 ba kh\u00e1c \u0111\u1eb7t qu\u1ea3ng c\u00e1o ho\u1eb7c c\u00f3 li\u00ean k\u1ebft v\u1edbi swimcare. Ch\u00fang t\u00f4i \u0111\u1ec1 ngh\u1ecb b\u1ea1n tham kh\u1ea3o v\u00e0 ph\u00e2n bi\u1ec7t r\u00f5 s\u1ef1 kh\u00e1c bi\u1ec7t trong ch\u00ednh s\u00e1ch b\u1ea3o m\u1eadt th\u00f4ng tin kh\u00e1ch h\u00e0ng c\u1ee7a nh\u1eefng website n\u00e0y.<\/p>\n\n\n\n<p><strong>5. Thay \u0111\u1ed5i c\u1ee7a Ch\u00ednh s\u00e1ch B\u1ea3o m\u1eadt<\/strong><\/p>\n\n\n\n<p>Swimcare c\u00f3 quy\u1ec1n thay \u0111\u1ed5i v\u00e0 ch\u1ec9nh s\u1eeda quy \u0111\u1ecbnh b\u1ea3o m\u1eadt v\u00e0o b\u1ea5t k\u1ef3 l\u00fac n\u00e0o. B\u1ea5t c\u1ee9 thay \u0111\u1ed5i n\u00e0o v\u1ec1 ch\u00ednh s\u00e1ch n\u00e0y \u0111\u1ec1u \u0111\u01b0\u1ee3c \u0111\u0103ng tr\u00ean website c\u1ee7a ch\u00fang t\u00f4i.<\/p>\n\n\n\n<p><strong>6. Th\u00f4ng tin li\u00ean h\u1ec7<\/strong><\/p>\n\n\n\n<p>Swimcare r\u1ea5t quan t\u00e2m \u0111\u1ebfn quy\u1ec1n l\u1ee3i c\u1ee7a Qu\u00fd \u200ekh\u00e1ch h\u00e0ng trong vi\u1ec7c b\u1ea3o v\u1ec7 th\u00f4ng tin c\u00e1 nh\u00e2n n\u00ean trong tr\u01b0\u1eddng h\u1ee3p b\u1ea1n c\u00f3 g\u00f3p \u200e\u00fd, th\u1eafc m\u1eafc li\u00ean quan \u0111\u1ebfn ch\u00ednh s\u00e1ch b\u1ea3o m\u1eadt c\u1ee7a ch\u00fang t\u00f4i, vui l\u00f2ng li\u00ean h\u1ec7:<\/p>\n\n\n\n<p>\u0110\u1ecba ch\u1ec9: 235\/27 Nam K\u1ef3 Kh\u1edfi Ngh\u0129a, Ph\u01b0\u1eddng V\u00f5 Th\u1ecb S\u00e1u, Qu\u1eadn 3, Tp.HCM<\/p>\n\n\n\n<p>S\u1ed1 \u0111i\u1ec7n tho\u1ea1i: 0849 597968<\/p>\n\n\n\n<p>Email:&nbsp;<a href=\"mailto: swimcare.vn@gmail.com\">swimcare.vn@gmail.com<\/a><\/p>\n\n\n\n<p><\/p>","protected":false},"excerpt":{"rendered":"<p>Ch\u00ednh s\u00e1ch b\u1ea3o m\u1eadt th\u00f4ng tin l\u00e0 m\u1ed9t trong nh\u1eefng ch\u00ednh s\u00e1ch m\u00e0 Swimcare \u0111\u1eb7c bi\u1ec7t ch\u00fa tr\u1ecdng khi kh\u00e1ch<\/p>","protected":false},"author":1,"featured_media":0,"parent":0,"menu_order":0,"comment_status":"closed","ping_status":"open","template":"","meta":{"footnotes":""},"class_list":["post-3","page","type-page","status-publish","hentry"],"_links":{"self":[{"href":"https:\/\/myphamaumy.com\/en\/wp-json\/wp\/v2\/pages\/3","targetHints":{"allow":["GET"]}}],"collection":[{"href":"https:\/\/myphamaumy.com\/en\/wp-json\/wp\/v2\/pages"}],"about":[{"href":"https:\/\/myphamaumy.com\/en\/wp-json\/wp\/v2\/types\/page"}],"author":[{"embeddable":true,"href":"https:\/\/myphamaumy.com\/en\/wp-json\/wp\/v2\/users\/1"}],"replies":[{"embeddable":true,"href":"https:\/\/myphamaumy.com\/en\/wp-json\/wp\/v2\/comments?post=3"}],"version-history":[{"count":0,"href":"https:\/\/myphamaumy.com\/en\/wp-json\/wp\/v2\/pages\/3\/revisions"}],"wp:attachment":[{"href":"https:\/\/myphamaumy.com\/en\/wp-json\/wp\/v2\/media?parent=3"}],"curies":[{"name":"wp","href":"https:\/\/api.w.org\/{rel}","templated":true}]}}