{"id":4400,"date":"2021-10-12T15:51:09","date_gmt":"2021-10-12T15:51:09","guid":{"rendered":"http:\/\/dummy.xtemos.com\/woodmart2\/elementor\/?page_id=4400"},"modified":"2025-05-05T21:44:26","modified_gmt":"2025-05-05T14:44:26","slug":"about-us-3","status":"publish","type":"page","link":"https:\/\/myphamaumy.com\/en\/about-us-3\/","title":{"rendered":"About us"},"content":{"rendered":"<div data-elementor-type=\"wp-page\" data-elementor-id=\"4400\" class=\"elementor elementor-4400\" data-elementor-post-type=\"page\">\n\t\t\t\t<div class=\"wd-negative-gap elementor-element elementor-element-1611dfa e-flex e-con-boxed e-con e-parent\" data-id=\"1611dfa\" data-element_type=\"container\">\n\t\t\t\t\t<div class=\"e-con-inner\">\n\t\t\t\t<div class=\"elementor-element elementor-element-a233254 elementor-widget elementor-widget-wd_text_block\" data-id=\"a233254\" data-element_type=\"widget\" data-widget_type=\"wd_text_block.default\">\n\t\t\t\t<div class=\"elementor-widget-container\">\n\t\t\t\t\t\t\t<div class=\"wd-text-block reset-last-child text-left\">\n\t\t\t\n\t\t\t<h2><strong>Gi\u1edbi thi\u1ec7u v\u1ec1 M\u1ef9 Ph\u1ea9m \u00c2u M\u1ef9<\/strong><\/h2><p>Ch\u00e0o m\u1eebng b\u1ea1n \u0111\u1ebfn v\u1edbi Myphamaumy.com \u2013 n\u01a1i h\u1ed9i t\u1ee5 c\u00e1c d\u00f2ng m\u1ef9 ph\u1ea9m nh\u1eadp kh\u1ea9u ch\u00ednh h\u00e3ng t\u1eeb \u00c2u M\u1ef9, cam k\u1ebft ch\u1ea5t l\u01b0\u1ee3ng qu\u1ed1c t\u1ebf, gi\u00e1 c\u1ea3 c\u1ea1nh tranh v\u00e0 d\u1ecbch v\u1ee5 t\u1eadn t\u00e2m cho kh\u00e1ch h\u00e0ng Vi\u1ec7t Nam.<\/p><h2><strong>S\u1ee9 m\u1ec7nh c\u1ee7a ch\u00fang t\u00f4i<\/strong><\/h2><p>Myphamaumy.com ra \u0111\u1eddi v\u1edbi mong mu\u1ed1n mang \u0111\u1ebfn cho kh\u00e1ch h\u00e0ng nh\u1eefng gi\u1ea3i ph\u00e1p l\u00e0m \u0111\u1eb9p an to\u00e0n, hi\u1ec7u qu\u1ea3, gi\u00fap b\u1ea1n t\u1ef1 tin t\u1ecfa s\u00e1ng m\u1ed7i ng\u00e0y. Ch\u00fang t\u00f4i kh\u00f4ng ng\u1eebng n\u1ed7 l\u1ef1c tuy\u1ec3n ch\u1ecdn c\u00e1c s\u1ea3n ph\u1ea9m uy t\u00edn t\u1eeb ch\u00e2u \u00c2u v\u00e0 M\u1ef9, \u0111\u1ea3m b\u1ea3o ngu\u1ed3n g\u1ed1c minh b\u1ea1ch, th\u00e0nh ph\u1ea7n an to\u00e0n v\u00e0 ph\u00f9 h\u1ee3p v\u1edbi l\u00e0n da ng\u01b0\u1eddi Vi\u1ec7t.<\/p><h2><strong>Gi\u00e1 tr\u1ecb c\u1ed1t l\u00f5i c\u1ee7a Myphamaumy<\/strong><\/h2><ul><li><strong>Ch\u1ea5t l\u01b0\u1ee3ng:<\/strong> Lu\u00f4n \u0111\u1eb7t ch\u1ea5t l\u01b0\u1ee3ng s\u1ea3n ph\u1ea9m l\u00ean h\u00e0ng \u0111\u1ea7u, ki\u1ec3m so\u00e1t nghi\u00eam ng\u1eb7t quy tr\u00ecnh nh\u1eadp kh\u1ea9u v\u00e0 ph\u00e2n ph\u1ed1i \u0111\u1ec3 mang \u0111\u1ebfn cho kh\u00e1ch h\u00e0ng nh\u1eefng s\u1ea3n ph\u1ea9m t\u1ed1t nh\u1ea5t<\/li><li><strong>Uy t\u00edn:<\/strong> X\u00e2y d\u1ef1ng ni\u1ec1m tin v\u1edbi kh\u00e1ch h\u00e0ng, \u0111\u1ed1i t\u00e1c b\u1eb1ng s\u1ef1 minh b\u1ea1ch, trung th\u1ef1c v\u00e0 chuy\u00ean nghi\u1ec7p trong m\u1ecdi ho\u1ea1t \u0111\u1ed9ng kinh doanh.<\/li><li><strong>T\u1eadn t\u00e2m:<\/strong> \u0110\u1ed9i ng\u0169 nh\u00e2n vi\u00ean lu\u00f4n l\u1eafng nghe, th\u1ea5u hi\u1ec3u v\u00e0 \u0111\u1ed3ng h\u00e0nh c\u00f9ng kh\u00e1ch h\u00e0ng tr\u00ean h\u00e0nh tr\u00ecnh ch\u0103m s\u00f3c s\u1eafc \u0111\u1eb9p, mang l\u1ea1i tr\u1ea3i nghi\u1ec7m mua s\u1eafm h\u00e0i l\u00f2ng nh\u1ea5t.<\/li><li><strong>\u0110\u1ed5i m\u1edbi:<\/strong> Kh\u00f4ng ng\u1eebng c\u1eadp nh\u1eadt xu h\u01b0\u1edbng, ki\u1ebfn th\u1ee9c v\u00e0 c\u00f4ng ngh\u1ec7 m\u1edbi \u0111\u1ec3 n\u00e2ng cao ch\u1ea5t l\u01b0\u1ee3ng s\u1ea3n ph\u1ea9m, d\u1ecbch v\u1ee5 v\u00e0 ph\u00e1t tri\u1ec3n \u0111\u1ed9i ng\u0169.<\/li><li><strong>H\u1ee3p t\u00e1c b\u1ec1n v\u1eefng:<\/strong> X\u00e2y d\u1ef1ng m\u1ed1i quan h\u1ec7 l\u00e2u d\u00e0i, c\u00f9ng ph\u00e1t tri\u1ec3n v\u1edbi c\u00e1c \u0111\u1ed1i t\u00e1c, nh\u00e0 cung c\u1ea5p uy t\u00edn t\u1eeb \u00c2u M\u1ef9.<\/li><\/ul><h2><strong>Tri\u1ebft l\u00fd kinh doanh: <\/strong><\/h2><p style=\"text-align: center;\"><span style=\"color: #ff0000;\"><strong>KH\u00c1CH H\u00c0NG \u2013 \u0110\u1ed8I NG\u0168 \u2013 \u0110\u1ed0I T\u00c1C<\/strong><\/span><\/p><ul><li><strong>Kh\u00e1ch h\u00e0ng l\u00e0 trung t\u00e2m:<\/strong> Ch\u00fang t\u00f4i lu\u00f4n \u0111\u1eb7t kh\u00e1ch h\u00e0ng l\u00e0m tr\u1ecdng t\u00e2m trong m\u1ecdi quy\u1ebft \u0111\u1ecbnh, cam k\u1ebft l\u1eafng nghe, th\u1ea5u hi\u1ec3u v\u00e0 \u0111\u00e1p \u1ee9ng t\u1ed1i \u0111a nhu c\u1ea7u c\u1ee7a t\u1eebng kh\u00e1ch h\u00e0ng b\u1eb1ng s\u1ea3n ph\u1ea9m ch\u1ea5t l\u01b0\u1ee3ng v\u00e0 d\u1ecbch v\u1ee5 t\u1eadn t\u00e2m.<\/li><li><strong>\u0110\u1ed9i ng\u0169 l\u00e0 n\u1ec1n t\u1ea3ng:<\/strong> Myphamaumy.com x\u00e2y d\u1ef1ng m\u1ed9t m\u00f4i tr\u01b0\u1eddng l\u00e0m vi\u1ec7c chuy\u00ean nghi\u1ec7p, s\u00e1ng t\u1ea1o, \u0111\u1ec1 cao s\u1ef1 ph\u00e1t tri\u1ec3n c\u00e1 nh\u00e2n v\u00e0 tinh th\u1ea7n \u0111o\u00e0n k\u1ebft. \u0110\u1ed9i ng\u0169 nh\u00e2n vi\u00ean ch\u00ednh l\u00e0 ngu\u1ed3n l\u1ef1c qu\u00fd gi\u00e1 gi\u00fap ch\u00fang t\u00f4i th\u1ef1c hi\u1ec7n s\u1ee9 m\u1ec7nh ph\u1ee5c v\u1ee5 kh\u00e1ch h\u00e0ng t\u1ed1t nh\u1ea5t.<\/li><\/ul><ul><li><strong>\u0110\u1ed1i t\u00e1c l\u00e0 ng\u01b0\u1eddi \u0111\u1ed3ng h\u00e0nh:<\/strong> Ch\u00fang t\u00f4i tr\u00e2n tr\u1ecdng v\u00e0 ph\u00e1t tri\u1ec3n m\u1ed1i quan h\u1ec7 h\u1ee3p t\u00e1c minh b\u1ea1ch, b\u1ec1n v\u1eefng v\u1edbi c\u00e1c nh\u00e0 cung c\u1ea5p, \u0111\u1ed1i t\u00e1c trong v\u00e0 ngo\u00e0i n\u01b0\u1edbc. S\u1ef1 \u0111\u1ed3ng h\u00e0nh, tin t\u01b0\u1edfng l\u1eabn nhau l\u00e0 n\u1ec1n t\u1ea3ng \u0111\u1ec3 c\u00f9ng nhau mang \u0111\u1ebfn gi\u00e1 tr\u1ecb t\u1ed1t nh\u1ea5t cho kh\u00e1ch h\u00e0ng v\u00e0 c\u1ed9ng \u0111\u1ed3ng.<\/li><\/ul><h2><strong>D\u1ecbch V\u1ee5 C\u1ee7a Ch\u00fang T\u00f4i<\/strong><\/h2><ul><li><strong>Ph\u00e2n ph\u1ed1i s\u1ec9 to\u00e0n qu\u1ed1c: <\/strong>com l\u00e0 \u0111\u1ed1i t\u00e1c tin c\u1eady c\u1ee7a nhi\u1ec1u c\u1eeda h\u00e0ng m\u1ef9 ph\u1ea9m, spa, salon tr\u00ean to\u00e0n qu\u1ed1c. Ch\u00fang t\u00f4i cung c\u1ea5p ch\u00ednh s\u00e1ch b\u00e1n s\u1ec9 h\u1ea5p d\u1eabn v\u1edbi m\u1ee9c chi\u1ebft kh\u1ea5u c\u1ea1nh tranh, \u0111\u1ea3m b\u1ea3o l\u1ee3i nhu\u1eadn t\u1ed1i \u01b0u cho c\u00e1c \u0111\u1ed1i t\u00e1c.<\/li><li><strong>B\u00e1n l\u1ebb s\u1ea3n ph\u1ea9m ch\u00ednh h\u00e3ng: <\/strong>Cung c\u1ea5p \u0111a d\u1ea1ng m\u1ef9 ph\u1ea9m ch\u1ea5t l\u01b0\u1ee3ng cao v\u1edbi m\u1ee9c gi\u00e1 h\u1ee3p l\u00fd cho kh\u00e1ch h\u00e0ng c\u00e1 nh\u00e2n, gi\u00fap m\u1ecdi ng\u01b0\u1eddi \u0111\u1ec1u c\u00f3 th\u1ec3 ti\u1ebfp c\u1eadn v\u1edbi c\u00e1c s\u1ea3n ph\u1ea9m l\u00e0m \u0111\u1eb9p t\u1eeb c\u00e1c th\u01b0\u01a1ng hi\u1ec7u n\u1ed5i ti\u1ebfng th\u1ebf gi\u1edbi.<\/li><li><strong>D\u1ecbch v\u1ee5 sau b\u00e1n h\u00e0ng: <\/strong>com x\u00e2y d\u1ef1ng ch\u00ednh s\u00e1ch h\u1eadu m\u00e3i chu \u0111\u00e1o v\u1edbi quy tr\u00ecnh \u0111\u1ed5i tr\u1ea3 linh ho\u1ea1t, b\u1ea3o h\u00e0nh s\u1ea3n ph\u1ea9m, \u0111\u1ea3m b\u1ea3o quy\u1ec1n l\u1ee3i t\u1ed1i \u0111a cho kh\u00e1ch h\u00e0ng.<\/li><\/ul><h2><strong>\u0110\u1ed1i T\u00e1c C\u1ee7a Ch\u00fang T\u00f4i<\/strong><\/h2><p>Myphamaumy.com t\u1ef1 h\u00e0o l\u00e0 \u0111\u1ed1i t\u00e1c ph\u00e2n ph\u1ed1i ch\u00ednh th\u1ee9c c\u1ee7a nhi\u1ec1u th\u01b0\u01a1ng hi\u1ec7u m\u1ef9 ph\u1ea9m h\u00e0ng \u0111\u1ea7u th\u1ebf gi\u1edbi. Ch\u00fang t\u00f4i cam k\u1ebft mang \u0111\u1ebfn nh\u1eefng s\u1ea3n ph\u1ea9m ch\u1ea5t l\u01b0\u1ee3ng cao v\u1edbi gi\u00e1 th\u00e0nh h\u1ee3p l\u00fd, g\u00f3p ph\u1ea7n n\u00e2ng cao tr\u1ea3i nghi\u1ec7m l\u00e0m \u0111\u1eb9p c\u1ee7a ng\u01b0\u1eddi Vi\u1ec7t.<\/p>\n\t\t\t\t\t<\/div>\n\t\t\t\t\t\t<\/div>\n\t\t\t\t<\/div>\n\t\t\t\t\t<\/div>\n\t\t\t\t<\/div>\n\t\t<div class=\"wd-negative-gap elementor-element elementor-element-0df05b1 e-flex e-con-boxed e-con e-parent\" data-id=\"0df05b1\" data-element_type=\"container\">\n\t\t\t\t\t<div class=\"e-con-inner\">\n\t\t\t\t<div class=\"elementor-element elementor-element-39c23f3 elementor-widget elementor-widget-wd_products_brands\" data-id=\"39c23f3\" data-element_type=\"widget\" data-widget_type=\"wd_products_brands.default\">\n\t\t\t\t<div class=\"elementor-widget-container\">\n\t\t\t\t\t\t\t<div class=\"wd-brands brands-widget slider-brands_8661 wd-hover-simple wd-style-default wd-layout-carousel wd-carousel-container\" id=\"brands_8661\">\n\t\t\t\t\t\t\t<div class=\"wd-carousel-inner\">\n\t\t\t\n\t\t\t<div class=\"wd-carousel wd-grid\" data-speed=\"5000\" data-wrap=\"yes\" data-autoplay=\"yes\" data-autoheight=\"yes\" data-scroll_per_page=\"yes\" style=\"--wd-col-lg:6;--wd-col-md:4;--wd-col-sm:2;\">\n\t\t\t\t\t\t\t\t\t<div class=\"wd-carousel-wrap\">\n\t\t\t\t\n\t\t\t\t\t\t\t\t\t\t\t\t\t\t\t\n\t\t\t\t\t\t<div class=\"wd-carousel-item\">\n\t\t\t\t\t\t\t<div class=\"wd-brand-item brand-item\">\n\t\t\t\t\t\t\t\t\t\t\t\t\t\t\t\t\t\n\t\t\t\t\t\t\t\t\t<img decoding=\"async\" width=\"180\" height=\"100\" src=\"https:\/\/myphamaumy.com\/wp-content\/uploads\/2025\/04\/CREME-OF-NATURE-logo.webp\" class=\"attachment-full size-full\" alt=\"CR\u00c8ME OF NATURE\" srcset=\"https:\/\/myphamaumy.com\/wp-content\/uploads\/2025\/04\/CREME-OF-NATURE-logo.webp 180w, https:\/\/myphamaumy.com\/wp-content\/uploads\/2025\/04\/CREME-OF-NATURE-logo-150x83.webp 150w\" sizes=\"(max-width: 180px) 100vw, 180px\" \/>\t\t\t\t\t\t\t\t\t\t\t\t\t\t\t<\/div>\n\t\t\t\t\t\t<\/div>\n\t\t\t\t\t\t\t\t\t\t\t\n\t\t\t\t\t\t<div class=\"wd-carousel-item\">\n\t\t\t\t\t\t\t<div class=\"wd-brand-item brand-item\">\n\t\t\t\t\t\t\t\t\t\t\t\t\t\t\t\t\t\n\t\t\t\t\t\t\t\t\t<img decoding=\"async\" width=\"180\" height=\"100\" src=\"https:\/\/myphamaumy.com\/wp-content\/uploads\/2025\/04\/AMERICAN-CREW-logo.webp\" class=\"attachment-full size-full\" alt=\"AMERICAN-CREW\" srcset=\"https:\/\/myphamaumy.com\/wp-content\/uploads\/2025\/04\/AMERICAN-CREW-logo.webp 180w, https:\/\/myphamaumy.com\/wp-content\/uploads\/2025\/04\/AMERICAN-CREW-logo-150x83.webp 150w\" sizes=\"(max-width: 180px) 100vw, 180px\" \/>\t\t\t\t\t\t\t\t\t\t\t\t\t\t\t<\/div>\n\t\t\t\t\t\t<\/div>\n\t\t\t\t\t\t\t\t\t\t\t\n\t\t\t\t\t\t<div class=\"wd-carousel-item\">\n\t\t\t\t\t\t\t<div class=\"wd-brand-item brand-item\">\n\t\t\t\t\t\t\t\t\t\t\t\t\t\t\t\t\t\n\t\t\t\t\t\t\t\t\t<img decoding=\"async\" width=\"180\" height=\"100\" src=\"https:\/\/myphamaumy.com\/wp-content\/uploads\/2025\/04\/BECCA-logo.webp\" class=\"attachment-full size-full\" alt=\"BECCA\" srcset=\"https:\/\/myphamaumy.com\/wp-content\/uploads\/2025\/04\/BECCA-logo.webp 180w, https:\/\/myphamaumy.com\/wp-content\/uploads\/2025\/04\/BECCA-logo-150x83.webp 150w\" sizes=\"(max-width: 180px) 100vw, 180px\" \/>\t\t\t\t\t\t\t\t\t\t\t\t\t\t\t<\/div>\n\t\t\t\t\t\t<\/div>\n\t\t\t\t\t\t\t\t\t\t\t\n\t\t\t\t\t\t<div class=\"wd-carousel-item\">\n\t\t\t\t\t\t\t<div class=\"wd-brand-item brand-item\">\n\t\t\t\t\t\t\t\t\t\t\t\t\t\t\t\t\t\n\t\t\t\t\t\t\t\t\t<img loading=\"lazy\" decoding=\"async\" width=\"180\" height=\"100\" src=\"https:\/\/myphamaumy.com\/wp-content\/uploads\/2025\/04\/ANDALOU-NATURALS-logo.webp\" class=\"attachment-full size-full\" alt=\"ANDALOU NATURALS\" srcset=\"https:\/\/myphamaumy.com\/wp-content\/uploads\/2025\/04\/ANDALOU-NATURALS-logo.webp 180w, https:\/\/myphamaumy.com\/wp-content\/uploads\/2025\/04\/ANDALOU-NATURALS-logo-150x83.webp 150w\" sizes=\"(max-width: 180px) 100vw, 180px\" \/>\t\t\t\t\t\t\t\t\t\t\t\t\t\t\t<\/div>\n\t\t\t\t\t\t<\/div>\n\t\t\t\t\t\t\t\t\t\t\t\n\t\t\t\t\t\t<div class=\"wd-carousel-item\">\n\t\t\t\t\t\t\t<div class=\"wd-brand-item brand-item\">\n\t\t\t\t\t\t\t\t\t\t\t\t\t\t\t\t\t\n\t\t\t\t\t\t\t\t\t<img loading=\"lazy\" decoding=\"async\" width=\"180\" height=\"100\" src=\"https:\/\/myphamaumy.com\/wp-content\/uploads\/2025\/04\/CLARINS-logo.webp\" class=\"attachment-full size-full\" alt=\"CLARINS\" srcset=\"https:\/\/myphamaumy.com\/wp-content\/uploads\/2025\/04\/CLARINS-logo.webp 180w, https:\/\/myphamaumy.com\/wp-content\/uploads\/2025\/04\/CLARINS-logo-150x83.webp 150w\" sizes=\"(max-width: 180px) 100vw, 180px\" \/>\t\t\t\t\t\t\t\t\t\t\t\t\t\t\t<\/div>\n\t\t\t\t\t\t<\/div>\n\t\t\t\t\t\t\t\t\t\t\t\n\t\t\t\t\t\t<div class=\"wd-carousel-item\">\n\t\t\t\t\t\t\t<div class=\"wd-brand-item brand-item\">\n\t\t\t\t\t\t\t\t\t\t\t\t\t\t\t\t\t\n\t\t\t\t\t\t\t\t\t<img loading=\"lazy\" decoding=\"async\" width=\"180\" height=\"100\" src=\"https:\/\/myphamaumy.com\/wp-content\/uploads\/2025\/04\/BURTS-BEE-logo.webp\" class=\"attachment-full size-full\" alt=\"BURT&#039;S BEE\" srcset=\"https:\/\/myphamaumy.com\/wp-content\/uploads\/2025\/04\/BURTS-BEE-logo.webp 180w, https:\/\/myphamaumy.com\/wp-content\/uploads\/2025\/04\/BURTS-BEE-logo-150x83.webp 150w\" sizes=\"(max-width: 180px) 100vw, 180px\" \/>\t\t\t\t\t\t\t\t\t\t\t\t\t\t\t<\/div>\n\t\t\t\t\t\t<\/div>\n\t\t\t\t\t\t\t\t\t\t\t\n\t\t\t\t\t\t<div class=\"wd-carousel-item\">\n\t\t\t\t\t\t\t<div class=\"wd-brand-item brand-item\">\n\t\t\t\t\t\t\t\t\t\t\t\t\t\t\t\t\t\n\t\t\t\t\t\t\t\t\t<img loading=\"lazy\" decoding=\"async\" width=\"180\" height=\"100\" src=\"https:\/\/myphamaumy.com\/wp-content\/uploads\/2025\/04\/ELIZABETH-ARDEN-logo.webp\" class=\"attachment-full size-full\" alt=\"ELIZABETH ARDEN\" srcset=\"https:\/\/myphamaumy.com\/wp-content\/uploads\/2025\/04\/ELIZABETH-ARDEN-logo.webp 180w, https:\/\/myphamaumy.com\/wp-content\/uploads\/2025\/04\/ELIZABETH-ARDEN-logo-150x83.webp 150w\" sizes=\"(max-width: 180px) 100vw, 180px\" \/>\t\t\t\t\t\t\t\t\t\t\t\t\t\t\t<\/div>\n\t\t\t\t\t\t<\/div>\n\t\t\t\t\t\t\t\t\t\t\t\n\t\t\t\t\t\t<div class=\"wd-carousel-item\">\n\t\t\t\t\t\t\t<div class=\"wd-brand-item brand-item\">\n\t\t\t\t\t\t\t\t\t\t\t\t\t\t\t\t\t\n\t\t\t\t\t\t\t\t\t<img loading=\"lazy\" decoding=\"async\" width=\"180\" height=\"100\" src=\"https:\/\/myphamaumy.com\/wp-content\/uploads\/2025\/04\/NARS-logo.webp\" class=\"attachment-full size-full\" alt=\"NARS\" srcset=\"https:\/\/myphamaumy.com\/wp-content\/uploads\/2025\/04\/NARS-logo.webp 180w, https:\/\/myphamaumy.com\/wp-content\/uploads\/2025\/04\/NARS-logo-150x83.webp 150w\" sizes=\"(max-width: 180px) 100vw, 180px\" \/>\t\t\t\t\t\t\t\t\t\t\t\t\t\t\t<\/div>\n\t\t\t\t\t\t<\/div>\n\t\t\t\t\t\t\t\t\t\t\t\n\t\t\t\t\t\t<div class=\"wd-carousel-item\">\n\t\t\t\t\t\t\t<div class=\"wd-brand-item brand-item\">\n\t\t\t\t\t\t\t\t\t\t\t\t\t\t\t\t\t\n\t\t\t\t\t\t\t\t\t<img loading=\"lazy\" decoding=\"async\" width=\"180\" height=\"100\" src=\"https:\/\/myphamaumy.com\/wp-content\/uploads\/2025\/04\/COVERGIRL-logo.webp\" class=\"attachment-full size-full\" alt=\"COVERGIRL\" srcset=\"https:\/\/myphamaumy.com\/wp-content\/uploads\/2025\/04\/COVERGIRL-logo.webp 180w, https:\/\/myphamaumy.com\/wp-content\/uploads\/2025\/04\/COVERGIRL-logo-150x83.webp 150w\" sizes=\"(max-width: 180px) 100vw, 180px\" \/>\t\t\t\t\t\t\t\t\t\t\t\t\t\t\t<\/div>\n\t\t\t\t\t\t<\/div>\n\t\t\t\t\t\t\t\t\t\t\t\n\t\t\t\t\t\t<div class=\"wd-carousel-item\">\n\t\t\t\t\t\t\t<div class=\"wd-brand-item brand-item\">\n\t\t\t\t\t\t\t\t\t\t\t\t\t\t\t\t\t\n\t\t\t\t\t\t\t\t\t<img loading=\"lazy\" decoding=\"async\" width=\"180\" height=\"100\" src=\"https:\/\/myphamaumy.com\/wp-content\/uploads\/2025\/04\/BENEFIT-logo.webp\" class=\"attachment-full size-full\" alt=\"BENEFIT\" srcset=\"https:\/\/myphamaumy.com\/wp-content\/uploads\/2025\/04\/BENEFIT-logo.webp 180w, https:\/\/myphamaumy.com\/wp-content\/uploads\/2025\/04\/BENEFIT-logo-150x83.webp 150w\" sizes=\"(max-width: 180px) 100vw, 180px\" \/>\t\t\t\t\t\t\t\t\t\t\t\t\t\t\t<\/div>\n\t\t\t\t\t\t<\/div>\n\t\t\t\t\t\t\t\t\t\t\t\t\t\t\t\t\t\t<\/div>\n\t\t\t\t\t\t\t<\/div>\n\n\t\t\t\t\t\t\t\t\t\t\t\t\t\t<div class=\"wd-nav-arrows wd-pos-sep wd-hover-1 wd-icon-1\">\n\t\t\t<div class=\"wd-btn-arrow wd-prev wd-disabled\">\n\t\t\t\t<div class=\"wd-arrow-inner\"><\/div>\n\t\t\t<\/div>\n\t\t\t<div class=\"wd-btn-arrow wd-next\">\n\t\t\t\t<div class=\"wd-arrow-inner\"><\/div>\n\t\t\t<\/div>\n\t\t<\/div>\n\t\t\t\t\t\t\n\t\t\t\t<\/div>\n\n\t\t\t\t\t\t\t\t\t\t\t\t\t<\/div>\n\t\t\t\t\t\t<\/div>\n\t\t\t\t<\/div>\n\t\t\t\t<div class=\"elementor-element elementor-element-53936b5 elementor-widget elementor-widget-wd_text_block\" data-id=\"53936b5\" data-element_type=\"widget\" data-widget_type=\"wd_text_block.default\">\n\t\t\t\t<div class=\"elementor-widget-container\">\n\t\t\t\t\t\t\t<div class=\"wd-text-block reset-last-child text-left\">\n\t\t\t\n\t\t\t<h2><strong>Cam K\u1ebft C\u1ee7a Ch\u00fang T\u00f4i<\/strong><\/h2><ul><li>100% h\u00e0ng ch\u00ednh h\u00e3ng, c\u00f3 ngu\u1ed3n g\u1ed1c xu\u1ea5t x\u1ee9 r\u00f5 r\u00e0ng.<\/li><li>Gi\u00e1 c\u1ea3 c\u1ea1nh tranh, nhi\u1ec1u \u01b0u \u0111\u00e3i h\u1ea5p d\u1eabn.<\/li><li>Giao h\u00e0ng nhanh ch\u00f3ng, \u0111\u1ea3m b\u1ea3o ch\u1ea5t l\u01b0\u1ee3ng s\u1ea3n ph\u1ea9m \u0111\u1ebfn tay kh\u00e1ch h\u00e0ng.<\/li><\/ul><h3><strong>Li\u00ean H\u1ec7 V\u1edbi Ch\u00fang T\u00f4i<\/strong><\/h3><ul><li><strong>\u0110\u1ecba ch\u1ec9:<\/strong> T\u1ea7ng 3, t\u00f2a nh\u00e0 An Ph\u00fa Plaza, 117-119 L\u00fd Ch\u00ednh Th\u1eafng, P. V\u00f5 Th\u1ecb S\u00e1u, TP. HCM<\/li><li><strong>Hotline:<\/strong> 08-4959-7968<\/li><li><strong>Email:<\/strong> lienhe@myphamaumy.com<\/li><li><strong>Website:<\/strong>myphamaumy.com<\/li><\/ul><p><strong>\u00a0<\/strong><\/p><p><strong>Myphamaumy.com<\/strong> \u2013 M\u1ef9 ph\u1ea9m \u00c2u M\u1ef9 ch\u00ednh h\u00e3ng, gi\u00e1 c\u1ea1nh tranh, d\u1ecbch v\u1ee5 t\u1eadn t\u00e2m. Ch\u00fang t\u00f4i cam k\u1ebft \u0111\u1ed3ng h\u00e0nh c\u00f9ng b\u1ea1n tr\u00ean h\u00e0nh tr\u00ecnh ch\u0103m s\u00f3c s\u1eafc \u0111\u1eb9p an to\u00e0n, hi\u1ec7u qu\u1ea3 v\u00e0 b\u1ec1n v\u1eefng.<\/p>\n\t\t\t\t\t<\/div>\n\t\t\t\t\t\t<\/div>\n\t\t\t\t<\/div>\n\t\t\t\t\t<\/div>\n\t\t\t\t<\/div>\n\t\t\t\t<\/div>","protected":false},"excerpt":{"rendered":"<p>Gi\u1edbi thi\u1ec7u v\u1ec1 M\u1ef9 Ph\u1ea9m \u00c2u M\u1ef9 Ch\u00e0o m\u1eebng b\u1ea1n \u0111\u1ebfn v\u1edbi Myphamaumy.com \u2013 n\u01a1i h\u1ed9i t\u1ee5 c\u00e1c d\u00f2ng m\u1ef9<\/p>","protected":false},"author":1,"featured_media":0,"parent":0,"menu_order":0,"comment_status":"closed","ping_status":"closed","template":"","meta":{"footnotes":""},"class_list":["post-4400","page","type-page","status-publish","hentry"],"_links":{"self":[{"href":"https:\/\/myphamaumy.com\/en\/wp-json\/wp\/v2\/pages\/4400","targetHints":{"allow":["GET"]}}],"collection":[{"href":"https:\/\/myphamaumy.com\/en\/wp-json\/wp\/v2\/pages"}],"about":[{"href":"https:\/\/myphamaumy.com\/en\/wp-json\/wp\/v2\/types\/page"}],"author":[{"embeddable":true,"href":"https:\/\/myphamaumy.com\/en\/wp-json\/wp\/v2\/users\/1"}],"replies":[{"embeddable":true,"href":"https:\/\/myphamaumy.com\/en\/wp-json\/wp\/v2\/comments?post=4400"}],"version-history":[{"count":0,"href":"https:\/\/myphamaumy.com\/en\/wp-json\/wp\/v2\/pages\/4400\/revisions"}],"wp:attachment":[{"href":"https:\/\/myphamaumy.com\/en\/wp-json\/wp\/v2\/media?parent=4400"}],"curies":[{"name":"wp","href":"https:\/\/api.w.org\/{rel}","templated":true}]}}